{"id":188,"date":"2023-06-13T07:11:15","date_gmt":"2023-06-13T07:11:15","guid":{"rendered":"https:\/\/www.woundedmemory.kf.vu.lt\/?page_id=188"},"modified":"2023-08-10T10:12:17","modified_gmt":"2023-08-10T10:12:17","slug":"would-you-adapt","status":"publish","type":"page","link":"https:\/\/www.woundedmemory.kf.vu.lt\/en_US\/would-you-adapt\/","title":{"rendered":"Would you adapt?"},"content":{"rendered":"\n<div style=\"height:60px\" aria-hidden=\"true\" class=\"wp-block-spacer\"><\/div>\n\n\n\n<p>Partisan squads fought in the R\u016bdninkai Forest, Kaz\u0117nai Forest, and Narutis Forest in Lithuania until July 1944. The partisans were suffering from constant hunger and severe living conditions; they were plagued by parasites, and it was difficult to maintain personal hygiene. There were strict rules and military order in the squads, but nonetheless, some social relations and traditions were formed. Women and men lived in the forests for almost two years.<\/p>\n\n\n\n<p>The situation of the women in the different squads was not the same. Women were often treated with contempt and subjected to sexual harassment or abuse by squad members. Women and the girls who fought in the forest had to earn the respect and equal treatment of men by being courageous and demonstrating a strong will.<\/p>\n\n\n\n<p><strong><em>Young women living by the order of a squad were posed a moral dilemma: how to adapt to difficult living conditions and preserve the female identity?<\/em><\/strong><\/p>\n\n\n\n<div style=\"height:60px\" aria-hidden=\"true\" class=\"wp-block-spacer\"><\/div>\n\n\n\n<div class=\"wp-block-media-text alignwide is-stacked-on-mobile\"><figure class=\"wp-block-media-text__media\"><img decoding=\"async\" loading=\"lazy\" width=\"768\" height=\"1024\" src=\"https:\/\/www.woundedmemory.kf.vu.lt\/wp-content\/uploads\/2023\/06\/3.1-Fanios-bunkeris-Rudninku-girioje3-768x1024.jpg\" alt=\"\" class=\"wp-image-306 size-full\" srcset=\"https:\/\/www.woundedmemory.kf.vu.lt\/wp-content\/uploads\/2023\/06\/3.1-Fanios-bunkeris-Rudninku-girioje3-768x1024.jpg 768w, https:\/\/www.woundedmemory.kf.vu.lt\/wp-content\/uploads\/2023\/06\/3.1-Fanios-bunkeris-Rudninku-girioje3-225x300.jpg 225w, https:\/\/www.woundedmemory.kf.vu.lt\/wp-content\/uploads\/2023\/06\/3.1-Fanios-bunkeris-Rudninku-girioje3-1152x1536.jpg 1152w, https:\/\/www.woundedmemory.kf.vu.lt\/wp-content\/uploads\/2023\/06\/3.1-Fanios-bunkeris-Rudninku-girioje3-rotated.jpg 1512w\" sizes=\"(max-width: 768px) 100vw, 768px\" \/><\/figure><div class=\"wp-block-media-text__content\">\n<p class=\"has-small-font-size\">\u201cThere were few women in the squad. Girls acted as liaisons. Especially those whose appearance was not typically Jewish \u2013 they were sent to a city to bring those who remained there to the partisans. It was very risky. Some women were doing intelligence tasks, communicating with locals. Some had different tasks, and others worked in the kitchen. While in the forest, we felt like we were men &#8230; But the commander of the squad once said, \u2018You\u2019re not men!\u2019 Every time I had to prove my truth \u2026\u201d<\/p>\n\n\n\n<p class=\"has-text-align-right has-small-font-size\"><em>Fania Yocheles-Brancovskaya<\/em><\/p>\n<\/div><\/div>\n\n\n\n<p style=\"font-size:0.6rem;line-height:0.3\">Bunker of the Jewish partisan squad \u2018Avenger\u2019 in the R\u016bdninkai Forest shown by Fania Yocheles-Brancovskaya.<\/p>\n\n\n\n<p style=\"font-size:0.6rem;line-height:0.3\"><em>Photo by Neringa Latvyt\u0117, July 2017&nbsp;<\/em><\/p>\n\n\n\n<div style=\"height:60px\" aria-hidden=\"true\" class=\"wp-block-spacer\"><\/div>\n\n\n\n<div class=\"wp-block-media-text alignwide has-media-on-the-right is-stacked-on-mobile\"><div class=\"wp-block-media-text__content\">\n<p class=\"has-small-font-size\">\u201cFor the first operation, I was selected the only one from all our women fighters; we felt that the fate of all the female part of the squad depended on me. If I accomplished the task entrusted to me, it would pave the way for other girls.\u201d<\/p>\n\n\n\n<p class=\"has-text-align-right has-small-font-size\"><em>R\u00f3\u017cka Korczak-Marla<\/em><\/p>\n<\/div><figure class=\"wp-block-media-text__media\"><img decoding=\"async\" loading=\"lazy\" width=\"1024\" height=\"662\" src=\"https:\/\/www.woundedmemory.kf.vu.lt\/wp-content\/uploads\/2023\/06\/Ruzka-3.2-V2-su-rodyklesu-1024x662.png\" alt=\"\" class=\"wp-image-310 size-full\" srcset=\"https:\/\/www.woundedmemory.kf.vu.lt\/wp-content\/uploads\/2023\/06\/Ruzka-3.2-V2-su-rodyklesu-1024x662.png 1024w, https:\/\/www.woundedmemory.kf.vu.lt\/wp-content\/uploads\/2023\/06\/Ruzka-3.2-V2-su-rodyklesu-300x194.png 300w, https:\/\/www.woundedmemory.kf.vu.lt\/wp-content\/uploads\/2023\/06\/Ruzka-3.2-V2-su-rodyklesu-768x497.png 768w, https:\/\/www.woundedmemory.kf.vu.lt\/wp-content\/uploads\/2023\/06\/Ruzka-3.2-V2-su-rodyklesu-1536x993.png 1536w, https:\/\/www.woundedmemory.kf.vu.lt\/wp-content\/uploads\/2023\/06\/Ruzka-3.2-V2-su-rodyklesu-2048x1324.png 2048w\" sizes=\"(max-width: 1024px) 100vw, 1024px\" \/><\/figure><\/div>\n\n\n\n<p class=\"has-text-align-right\" style=\"font-size:0.6rem;line-height:0.3\">R\u00f3\u017cka Korczak-Marla (1921\u20131988) &#8211; prisoner of the Vilnius Ghetto, a member of the underground organisation of the ghetto FPO (in Yiddish \u2013 <\/p>\n\n\n\n<p class=\"has-text-align-right\" style=\"font-size:0.6rem;line-height:0.3\">Fareinighte partizaner organizacie), and the fighter of Jewish partisan squad \u2018Avenger\u2019 in the R\u016bdninkai Forest. R\u00f3\u017cka Korczak is in the middle of the back row<\/p>\n\n\n\n<p class=\"has-text-align-right\" style=\"font-size:0.6rem;line-height:0.3\"><em>Fighters of the Jewish partisan squad \u2018Avenger\u2019 after the war in Vilnius. From the left: R\u00f3\u017cka Korczak, commander of the squad Abba Kovner and Vitka Kempner.&nbsp;<\/em><\/p>\n\n\n\n<p class=\"has-text-align-right\" style=\"font-size:0.6rem;line-height:0.3\"><em>\u0420\u0443\u0436\u043a\u0430 \u041a\u043e\u0440\u0447\u0430\u043a. \u041f\u043b\u0430\u043c\u044f \u043f\u043e\u0434 \u043f\u0435\u043f\u043b\u043e\u043c. \u0422\u0435\u043b\u044c-\u0410\u0432\u0438\u0432: \u0411\u0438\u0431\u043b\u0438\u043e\u0442\u0435\u043a\u0430-\u0410\u043b\u0438\u044f, 1977<\/em><\/p>\n\n\n\n<div style=\"height:60px\" aria-hidden=\"true\" class=\"wp-block-spacer\"><\/div>\n\n\n\n<p><\/p>\n\n\n\n<div class=\"wp-block-media-text alignwide is-stacked-on-mobile\"><figure class=\"wp-block-media-text__media\"><img decoding=\"async\" loading=\"lazy\" width=\"417\" height=\"633\" src=\"https:\/\/www.woundedmemory.kf.vu.lt\/wp-content\/uploads\/2023\/06\/3.3-Sara-Ginaite_a-partisan-after-the-war.bmp\" alt=\"\" class=\"wp-image-312 size-full\"\/><\/figure><div class=\"wp-block-media-text__content\">\n<p class=\"has-small-font-size\">\u201cThe most pleasant surprise of that holiday [March 8] was the moment when our commander Kostas solemnly handed me a gun. Out of joy and surprise, I didn\u2019t even thank him for the gift, but just started kissing and hugging the gun that was new and never used before. I was one of the first women in our squad who received her personal gun.\u201d<\/p>\n\n\n\n<p class=\"has-text-align-right has-small-font-size\"><em>Sara Ginait\u0117-Rubinson<\/em><\/p>\n<\/div><\/div>\n\n\n\n<p style=\"font-size:0.6rem;line-height:0.3\">Sara Ginait\u0117-Rubinson (1924\u20132018) &#8211; prisoner of the Kaunas Ghetto, a member of the underground organisation of ghetto <\/p>\n\n\n\n<p style=\"font-size:0.6rem;line-height:0.3\">(in Yiddish \u2013 Antifashistishe kampf organizacie), and the fighter of the Jewish partisan squad \u2018Avenger\u2019 in the R\u016bdninkai Forest.&nbsp;<\/p>\n\n\n\n<p style=\"font-size:0.6rem;line-height:0.3\"><em>Sara Ginait\u0117 in August 1944 in Vilnius. The photo was taken by a war photographer who was very surprised to see a female guard.&nbsp;<\/em><\/p>\n\n\n\n<p style=\"font-size:0.6rem;line-height:0.3\"><em>From the personal archive of Sara Ginait\u0117-Rubinson.&nbsp;<\/em><\/p>\n\n\n\n<div style=\"height:60px\" aria-hidden=\"true\" class=\"wp-block-spacer\"><\/div>\n\n\n\n<blockquote class=\"wp-block-quote\">\n<p class=\"has-medium-font-size\" style=\"font-style:normal;font-weight:600;letter-spacing:0.5px\">\u201cOn the 8th of March, all the women of the squad were free from any work and duties. All work, even the most \u2018feminine\u2019, was done by men. [&#8230;] We washed ourselves, took care of our hair, and helped each other to dress nicely. Some of the girls wanted to look specifically \u2018feminine\u2019. They wore skirts, were dressed in colourful blouses, and painted their lips. Others wanted their clothing to prove girls\u2019 equality with men. They wore trousers, jackets, and put on belts. I put on the new brown pants sewn for me by partisan T. Friedman right here at the base, a warm brown shirt, polished shoes, and two belts.\u201d<\/p>\n\n\n\n<p class=\"has-text-align-right has-medium-font-size\" style=\"font-style:normal;font-weight:700\"><em><strong>Sara Ginait\u0117-Rubinson<\/strong><\/em><\/p>\n<\/blockquote>\n\n\n\n<div style=\"height:60px\" aria-hidden=\"true\" class=\"wp-block-spacer\"><\/div>\n\n\n\n<div class=\"wp-block-columns is-layout-flex wp-container-4\">\n<div class=\"wp-block-column is-layout-flow\" style=\"flex-basis:25%\">\n<p class=\"has-small-font-size\">\u201cMy mom ran a psychologically difficult marathon of life.\u201d<\/p>\n\n\n\n<p class=\"has-text-align-right has-small-font-size\"><em>The daughter of a Holocaust survivor<\/em><\/p>\n<\/div>\n\n\n\n<div class=\"wp-block-column is-layout-flow\" style=\"flex-basis:50%\">\n<p class=\"has-small-font-size\">\u201cDay-to-day life of our women was extremely difficult. For a long time, there was no bath to wash and an outdoor lavatory. We had to go deeper into the forest through the snow when we needed to wash body and hair. Like other partisans, I was tormented by lice and could not get rid of them. They relentlessly sucked our blood. Our struggle with the lice ended in their victory, and all our attempts to eradicate them failed. Another, no less difficult problem for our girls was the lack of hygiene items. Problems related to menstruation tormented us no less than parasites. We had to use ripped-off linen, buy rags from rural women, and wash them in remote places of the forest in cold water. Often they could not be dried, and we had to use damp rags. It was even harder to solve those problems at the time of hiking or guarding.\u201d<\/p>\n\n\n\n<p class=\"has-text-align-right has-small-font-size\"><em>Rachil Margolis<\/em><\/p>\n<\/div>\n\n\n\n<div class=\"wp-block-column is-layout-flow\" style=\"flex-basis:25%\">\n<p class=\"has-small-font-size\">&#8220;My grandmother was talking [&#8230;], was talking openly about it. She was open-hearted. She started talking later &#8211; when she was elderly. I doubt she could talk about it immediately after the war when her kids were still little. [&#8230;] My mum and I weren&#8217;t discussing my grandmother&#8217;s past.&#8221;<\/p>\n\n\n\n<p class=\"has-text-align-right has-small-font-size\"><em>Judita Gliauberzonait\u0117, the granddaughter of a Holocaust survivor&nbsp;<\/em><\/p>\n<\/div>\n<\/div>\n\n\n\n<div style=\"height:60px\" aria-hidden=\"true\" class=\"wp-block-spacer\"><\/div>\n\n\n<div class=\"oxi-addons-container   oxi-addons-flipbox-template-style9\">        <div class=\"oxilab-flip-box-wrapper\">\r\n                                <div class=\"oxilab-flip-box-col-1 oxilab-flip-box-padding-20\"\r\n                         sa-data-animation=\"pulse\"\r\n                         sa-data-animation-offset=\"100%\"\r\n                         sa-data-animation-delay=\"0ms\"\r\n                         sa-data-animation-duration=\" 2000ms\">\r\n                        <div class=\" oxilab-flip-box-body-20 oxilab-flip-box-body-20-34\">\r\n                                                        <div class=\"oxilab-flip-box-body-absulote\">\r\n                                <div class=\"oxilab-flip-box-flip oxilab-flip-box-flip-left-to-right\">\r\n                                    <div class=\"oxilab-flip-box-style-data easing_easeInOutCirc\">\r\n                                        <div class=\"oxilab-flip-box-style\">\r\n                                            <div class=\"oxilab-flip-box-front\">\r\n                                                <div class=\"oxilab-flip-box-20\">\r\n                                                    <div class=\"oxilab-flip-box-20-data\">\r\n                                                        <div class=\"oxilab-icon\">\r\n                                                            <div class=\"oxilab-icon-data\">\r\n                                                                        <i class=\"fas fa-headphones-alt oxi-icons\"><\/i>\r\n                                                                    <\/div>\r\n                                                        <\/div>\r\n                                                        <div class=\"oxilab-heading\">\r\n                                                            SENSITIVE STORY                                                        <\/div>\r\n\r\n                                                    <\/div>\r\n                                                <\/div>\r\n                                            <\/div>\r\n                                            <div class=\"oxilab-flip-box-back\">\r\n                                                <div class=\"oxilab-flip-box-back-20\">\r\n                                                    <div class=\"oxilab-flip-box-back-20-data\">\r\n                                                        <div class=\"oxilab-heading\">\r\n                                                            Would you adapt?                                                        <\/div>\r\n                                                        <div class=\"oxilab-info\">\r\n                                                            Ru\u017eka Kor\u010dak-Marla memories                                                        <\/div>\r\n                                                                                                                    <a href=\"https:\/\/www.woundedmemory.kf.vu.lt\/wp-content\/uploads\/2023\/06\/3.8-Ruzka-Korcak-Marla.mp3\" target=\"\">\r\n                                                                <span class=\"oxilab-button\">\r\n                                                                    <span class=\"oxilab-button-data\">\r\n                                                                        LISTEN                                                                    <\/span>\r\n                                                                <\/span>\r\n                                                            <\/a>\r\n                                                                                                                <\/div>\r\n                                                <\/div>\r\n                                            <\/div>\r\n                                        <\/div>\r\n                                    <\/div>\r\n                                <\/div>\r\n                            <\/div>\r\n                            \r\n                        <\/div>\r\n\r\n\r\n                        \r\n                    <\/div>\r\n                    \r\n        <\/div>\r\n\r\n        <\/div>\n\n\n\n<div style=\"height:60px\" aria-hidden=\"true\" class=\"wp-block-spacer\"><\/div>\n\n\n\n<div style=\"height:100px\" aria-hidden=\"true\" class=\"wp-block-spacer\"><\/div>\n","protected":false},"excerpt":{"rendered":"<p><!-- wp:spacer {\"height\":\"60px\"} --><\/p>\n<div style=\"height:60px\" aria-hidden=\"true\" class=\"wp-block-spacer\"><\/div>\n<p><!-- \/wp:spacer --><\/p>\n<p><!-- wp:paragraph --><\/p>\n<p>Partisan squads fought in the R\u016bdninkai Forest, Kaz\u0117nai Forest, and Narutis Forest in Lithua&#8230;<\/p>\n","protected":false},"author":1,"featured_media":0,"parent":0,"menu_order":0,"comment_status":"closed","ping_status":"closed","template":"","meta":[],"_links":{"self":[{"href":"https:\/\/www.woundedmemory.kf.vu.lt\/en_US\/wp-json\/wp\/v2\/pages\/188"}],"collection":[{"href":"https:\/\/www.woundedmemory.kf.vu.lt\/en_US\/wp-json\/wp\/v2\/pages"}],"about":[{"href":"https:\/\/www.woundedmemory.kf.vu.lt\/en_US\/wp-json\/wp\/v2\/types\/page"}],"author":[{"embeddable":true,"href":"https:\/\/www.woundedmemory.kf.vu.lt\/en_US\/wp-json\/wp\/v2\/users\/1"}],"replies":[{"embeddable":true,"href":"https:\/\/www.woundedmemory.kf.vu.lt\/en_US\/wp-json\/wp\/v2\/comments?post=188"}],"version-history":[{"count":29,"href":"https:\/\/www.woundedmemory.kf.vu.lt\/en_US\/wp-json\/wp\/v2\/pages\/188\/revisions"}],"predecessor-version":[{"id":858,"href":"https:\/\/www.woundedmemory.kf.vu.lt\/en_US\/wp-json\/wp\/v2\/pages\/188\/revisions\/858"}],"wp:attachment":[{"href":"https:\/\/www.woundedmemory.kf.vu.lt\/en_US\/wp-json\/wp\/v2\/media?parent=188"}],"curies":[{"name":"wp","href":"https:\/\/api.w.org\/{rel}","templated":true}]}}