{"id":186,"date":"2023-06-13T07:10:35","date_gmt":"2023-06-13T07:10:35","guid":{"rendered":"https:\/\/www.woundedmemory.kf.vu.lt\/?page_id=186"},"modified":"2023-08-10T09:36:27","modified_gmt":"2023-08-10T09:36:27","slug":"would-you-dare-2","status":"publish","type":"page","link":"https:\/\/www.woundedmemory.kf.vu.lt\/en_US\/would-you-dare-2\/","title":{"rendered":"Would you dare?"},"content":{"rendered":"\n<div style=\"height:60px\" aria-hidden=\"true\" class=\"wp-block-spacer\"><\/div>\n\n\n\n<p>The way from the ghetto to the partisan squads in the forest was not easy. For Jewish girls in the circumstances of war, it was especially dangerous. Memories testify about the help and solidarity of the people they met, and about the constant danger. Not everyone who tried to reach the partisan squads in the Narutis Forest or R\u016bdninkai Forest did it successfully \u2013 many Jews were killed along the way.<\/p>\n\n\n\n<p>As a result of antisemitism, the partisan squads were formed on an ethnic basis; recruitment was carried out and priority was given to young men with weapons as staying in the forest had meant not an escape, but an active struggle against the Nazis. Women in the squads were not considered equal fighters to men and had to prove their courage and loyalty.<\/p>\n\n\n\n<p>Women in the concentration camps also needed courage, a strong will and a desire to survive.&nbsp;<\/p>\n\n\n\n<p><strong><em>During the time of drastic changes, women and girls had to solve the dilemma of whether to abandon their values just to be alive?<\/em><\/strong><\/p>\n\n\n\n<div style=\"height:60px\" aria-hidden=\"true\" class=\"wp-block-spacer\"><\/div>\n\n\n\n<div class=\"wp-block-media-text alignwide is-stacked-on-mobile\" style=\"grid-template-columns:54% auto\"><figure class=\"wp-block-media-text__media\"><img decoding=\"async\" loading=\"lazy\" width=\"1024\" height=\"640\" src=\"https:\/\/www.woundedmemory.kf.vu.lt\/wp-content\/uploads\/2023\/06\/2.1-Fania-vzm-8055-32-1024x640.jpg\" alt=\"\" class=\"wp-image-261 size-full\" srcset=\"https:\/\/www.woundedmemory.kf.vu.lt\/wp-content\/uploads\/2023\/06\/2.1-Fania-vzm-8055-32-1024x640.jpg 1024w, https:\/\/www.woundedmemory.kf.vu.lt\/wp-content\/uploads\/2023\/06\/2.1-Fania-vzm-8055-32-300x188.jpg 300w, https:\/\/www.woundedmemory.kf.vu.lt\/wp-content\/uploads\/2023\/06\/2.1-Fania-vzm-8055-32-768x480.jpg 768w, https:\/\/www.woundedmemory.kf.vu.lt\/wp-content\/uploads\/2023\/06\/2.1-Fania-vzm-8055-32-1536x961.jpg 1536w, https:\/\/www.woundedmemory.kf.vu.lt\/wp-content\/uploads\/2023\/06\/2.1-Fania-vzm-8055-32-2048x1281.jpg 2048w\" sizes=\"(max-width: 1024px) 100vw, 1024px\" \/><\/figure><div class=\"wp-block-media-text__content\">\n<p class=\"has-small-font-size\">\u201cI remember the forest and a long log; an impressive, tall man and a blonde woman were sitting there. Chaila \u0160apiro and I presented ourselves. The man asked questions. His name was Miceika. He asked how we came there, various things. And suddenly he said: \u2018You girls are so energetic and willing to&nbsp;fight! I want to take you to my squad\u2019. He mentioned the Adam Mickiewicz Squad. But suddenly the blonde woman said: \u2018I&#8217;m not going to give you Jewish girls!\u2019 We, astonished: \u2018How can it be?\u2019 We were shocked: \u2018What? Are the Jewish girls worse than others? Is that a kind of antisemitism?\u2019[\u2026] I said to Chiena [Borovskaya], \u2018We got out of the ghetto to the partisans, and we find antisemitism here!\u2019 And she said to me, \u2018Calm down\u2019. That [blonde] woman was Albina [Gessia Gleser]. Chiena explained to me: \u2018You know, the situation in the partisan squads is different. Especially for the girls &#8230; After all, different people have gathered\u2019. And Albina knew and understood that the moral attitudes in the Jewish group would be completely different than in the gang of people of various kinds.\u201d<\/p>\n\n\n\n<p class=\"has-text-align-right has-small-font-size\"><em>Fania Yocheles-Brancovskaya<\/em><\/p>\n<\/div><\/div>\n\n\n\n<p class=\"has-text-align-left\" style=\"font-size:0.6rem;line-height:0.3\">Members of the Jewish partisan squad after the war in Vilnius. July 1944.<\/p>\n\n\n\n<p class=\"has-text-align-left\" style=\"font-size:0.6rem;line-height:0.3\"><em>Vilna Gaon Museum of Jewish History<\/em><\/p>\n\n\n\n<div style=\"height:60px\" aria-hidden=\"true\" class=\"wp-block-spacer\"><\/div>\n\n\n\n<div class=\"wp-block-group has-global-padding is-layout-constrained\">\n<div class=\"wp-block-columns is-layout-flex wp-container-2\">\n<div class=\"wp-block-column is-layout-flow\"><\/div>\n<\/div>\n<\/div>\n\n\n\n<div class=\"wp-block-media-text alignwide has-media-on-the-right is-stacked-on-mobile\" style=\"grid-template-columns:auto 59%\"><div class=\"wp-block-media-text__content\">\n<p class=\"has-small-font-size\">\u201cWe went to the village in the morning. We found a house at the end of the village, and a woman was there &#8230; It appeared that it was \u017dv\u0117rynas, which was not on our list. We said we\u2019re going to Senieji Maceliai. That we\u2019re going to harvest potatoes. It was September. The hostess fed us. I don&#8217;t know if she knew that we were Jews. She gave us milk and rye bread that we hadn\u2019t seen during those two years. What was the taste of that bread! I still sense it. She showed us directions and we left. She did not betray us and even fed [us]. We walked all day [on 24<sup>th<\/sup> of September] and could see that in the evening of the 24th [people] were still working in the fields \u2013 harvesting potatoes.\u201d<\/p>\n\n\n\n<p class=\"has-text-align-right has-small-font-size\"><em>Fania Yocheles-Brancovskaya<\/em><\/p>\n<\/div><figure class=\"wp-block-media-text__media\"><img decoding=\"async\" loading=\"lazy\" width=\"1024\" height=\"650\" src=\"https:\/\/www.woundedmemory.kf.vu.lt\/wp-content\/uploads\/2023\/06\/2.2-Partisans-from-the-Kovno-ghetto-after-the-war_VZM-7852-68-1-1024x650.jpg\" alt=\"\" class=\"wp-image-263 size-full\" srcset=\"https:\/\/www.woundedmemory.kf.vu.lt\/wp-content\/uploads\/2023\/06\/2.2-Partisans-from-the-Kovno-ghetto-after-the-war_VZM-7852-68-1-1024x650.jpg 1024w, https:\/\/www.woundedmemory.kf.vu.lt\/wp-content\/uploads\/2023\/06\/2.2-Partisans-from-the-Kovno-ghetto-after-the-war_VZM-7852-68-1-300x190.jpg 300w, https:\/\/www.woundedmemory.kf.vu.lt\/wp-content\/uploads\/2023\/06\/2.2-Partisans-from-the-Kovno-ghetto-after-the-war_VZM-7852-68-1-768x487.jpg 768w, https:\/\/www.woundedmemory.kf.vu.lt\/wp-content\/uploads\/2023\/06\/2.2-Partisans-from-the-Kovno-ghetto-after-the-war_VZM-7852-68-1-1536x975.jpg 1536w, https:\/\/www.woundedmemory.kf.vu.lt\/wp-content\/uploads\/2023\/06\/2.2-Partisans-from-the-Kovno-ghetto-after-the-war_VZM-7852-68-1-2048x1300.jpg 2048w\" sizes=\"(max-width: 1024px) 100vw, 1024px\" \/><\/figure><\/div>\n\n\n\n<p class=\"has-text-align-right\" style=\"font-size:0.6rem;line-height:0.3\">Former prisoners of the Kaunas Ghetto, and the fighters of the Jewish partisan squad \u2018Death to Occupiers\u2019 after the war, in July 1944. From the left: Rivka Bloch, <\/p>\n\n\n\n<p class=\"has-text-align-right\" style=\"font-size:0.6rem;line-height:0.3\">Rivka (Alta) Boruchoviciute-Teper, Estera Shtrom<\/p>\n\n\n\n<p class=\"has-text-align-right\" style=\"font-size:0.6rem;line-height:0.3\"><em>Vilna Gaon Museum of Jewish History<\/em><\/p>\n\n\n\n<div style=\"height:60px\" aria-hidden=\"true\" class=\"wp-block-spacer\"><\/div>\n\n\n\n<div class=\"wp-block-columns is-layout-flex wp-container-6\">\n<div class=\"wp-block-column is-layout-flow\">\n<p class=\"has-small-font-size\">\u201cChildren would like to know, they are interested in their past, their ancestors, and who they were.\u201d<\/p>\n\n\n\n<p class=\"has-text-align-right has-small-font-size\"><em>Ieva \u010cernevi\u010di\u016bt\u0117, the granddaughter of a Holocaust survivor&nbsp;<\/em><\/p>\n<\/div>\n\n\n\n<div class=\"wp-block-column is-layout-flow\">\n<p class=\"has-small-font-size\">\u201cThere was a time when I was told: don\u2019t tell anybody what you hear at home. So I was silent \u2013 I didn\u2019t talk about anything. Even if I wanted to&#8230; When we left Lithuania and came to Israel I still couldn\u2019t open up. I wasn\u2019t able to say what I was feeling. I couldn\u2019t share things that were important to me. [&#8230;] Only after returning to Lithuania in 2016 I started talking openly.\u201d<\/p>\n\n\n\n<p class=\"has-text-align-right has-small-font-size\"><em>The daughter of the Holocaust survivors Bella Shirin&nbsp;<\/em><\/p>\n<\/div>\n<\/div>\n\n\n\n<div style=\"height:60px\" aria-hidden=\"true\" class=\"wp-block-spacer\"><\/div>\n\n\n\n<div class=\"wp-block-columns is-layout-flex wp-container-10\">\n<div class=\"wp-block-column is-layout-flow\" style=\"flex-basis:25%\"><\/div>\n\n\n\n<div class=\"wp-block-column is-layout-flow\" style=\"flex-basis:50%\"><div class=\"oxi-addons-container   oxi-addons-flipbox-template-style9\">        <div class=\"oxilab-flip-box-wrapper\">\r\n                                <div class=\"oxilab-flip-box-col-1 oxilab-flip-box-padding-14\"\r\n                         sa-data-animation=\"pulse\"\r\n                         sa-data-animation-offset=\"100%\"\r\n                         sa-data-animation-delay=\"0ms\"\r\n                         sa-data-animation-duration=\" 2000ms\">\r\n                        <div class=\" oxilab-flip-box-body-14 oxilab-flip-box-body-14-28\">\r\n                                                        <div class=\"oxilab-flip-box-body-absulote\">\r\n                                <div class=\"oxilab-flip-box-flip oxilab-flip-box-flip-left-to-right\">\r\n                                    <div class=\"oxilab-flip-box-style-data easing_easeInOutCirc\">\r\n                                        <div class=\"oxilab-flip-box-style\">\r\n                                            <div class=\"oxilab-flip-box-front\">\r\n                                                <div class=\"oxilab-flip-box-14\">\r\n                                                    <div class=\"oxilab-flip-box-14-data\">\r\n                                                        <div class=\"oxilab-icon\">\r\n                                                            <div class=\"oxilab-icon-data\">\r\n                                                                        <i class=\"fas fa-headphones-alt oxi-icons\"><\/i>\r\n                                                                    <\/div>\r\n                                                        <\/div>\r\n                                                        <div class=\"oxilab-heading\">\r\n                                                            SENSITIVE STORY                                                        <\/div>\r\n\r\n                                                    <\/div>\r\n                                                <\/div>\r\n                                            <\/div>\r\n                                            <div class=\"oxilab-flip-box-back\">\r\n                                                <div class=\"oxilab-flip-box-back-14\">\r\n                                                    <div class=\"oxilab-flip-box-back-14-data\">\r\n                                                        <div class=\"oxilab-heading\">\r\n                                                            Would you dare?                                                        <\/div>\r\n                                                        <div class=\"oxilab-info\">\r\n                                                            Interview with Dita Zupovitz-Sperling in February 2021                                                        <\/div>\r\n                                                                                                                    <a href=\"https:\/\/www.woundedmemory.kf.vu.lt\/wp-content\/uploads\/2023\/06\/2.5-Iskirptas-1.mp3\" target=\"\">\r\n                                                                <span class=\"oxilab-button\">\r\n                                                                    <span class=\"oxilab-button-data\">\r\n                                                                        LISTEN                                                                    <\/span>\r\n                                                                <\/span>\r\n                                                            <\/a>\r\n                                                                                                                <\/div>\r\n                                                <\/div>\r\n                                            <\/div>\r\n                                        <\/div>\r\n                                    <\/div>\r\n                                <\/div>\r\n                            <\/div>\r\n                            \r\n                        <\/div>\r\n\r\n\r\n                        \r\n                    <\/div>\r\n                    \r\n        <\/div>\r\n\r\n        <\/div>\n<\/div>\n\n\n\n<div class=\"wp-block-column is-layout-flow\" style=\"flex-basis:25%\"><\/div>\n<\/div>\n\n\n\n<div style=\"height:60px\" aria-hidden=\"true\" class=\"wp-block-spacer\"><\/div>\n\n\n\n<div style=\"height:100px\" aria-hidden=\"true\" class=\"wp-block-spacer\"><\/div>\n","protected":false},"excerpt":{"rendered":"<p><!-- wp:spacer {\"height\":\"60px\"} --><\/p>\n<div style=\"height:60px\" aria-hidden=\"true\" class=\"wp-block-spacer\"><\/div>\n<p><!-- \/wp:spacer --><\/p>\n<p><!-- wp:paragraph --><\/p>\n<p>The way from the ghetto to the partisan squads in the forest was not easy. For Jewish girls &#8230;<\/p>\n","protected":false},"author":1,"featured_media":0,"parent":0,"menu_order":0,"comment_status":"closed","ping_status":"closed","template":"","meta":[],"_links":{"self":[{"href":"https:\/\/www.woundedmemory.kf.vu.lt\/en_US\/wp-json\/wp\/v2\/pages\/186"}],"collection":[{"href":"https:\/\/www.woundedmemory.kf.vu.lt\/en_US\/wp-json\/wp\/v2\/pages"}],"about":[{"href":"https:\/\/www.woundedmemory.kf.vu.lt\/en_US\/wp-json\/wp\/v2\/types\/page"}],"author":[{"embeddable":true,"href":"https:\/\/www.woundedmemory.kf.vu.lt\/en_US\/wp-json\/wp\/v2\/users\/1"}],"replies":[{"embeddable":true,"href":"https:\/\/www.woundedmemory.kf.vu.lt\/en_US\/wp-json\/wp\/v2\/comments?post=186"}],"version-history":[{"count":26,"href":"https:\/\/www.woundedmemory.kf.vu.lt\/en_US\/wp-json\/wp\/v2\/pages\/186\/revisions"}],"predecessor-version":[{"id":794,"href":"https:\/\/www.woundedmemory.kf.vu.lt\/en_US\/wp-json\/wp\/v2\/pages\/186\/revisions\/794"}],"wp:attachment":[{"href":"https:\/\/www.woundedmemory.kf.vu.lt\/en_US\/wp-json\/wp\/v2\/media?parent=186"}],"curies":[{"name":"wp","href":"https:\/\/api.w.org\/{rel}","templated":true}]}}