{"id":184,"date":"2023-06-13T07:09:40","date_gmt":"2023-06-13T07:09:40","guid":{"rendered":"https:\/\/www.woundedmemory.kf.vu.lt\/?page_id=184"},"modified":"2023-08-10T09:33:00","modified_gmt":"2023-08-10T09:33:00","slug":"would-you-stay-2","status":"publish","type":"page","link":"https:\/\/www.woundedmemory.kf.vu.lt\/en_US\/would-you-stay-2\/","title":{"rendered":"WOULD YOU STAY?"},"content":{"rendered":"\n<div style=\"height:60px\" aria-hidden=\"true\" class=\"wp-block-spacer\"><\/div>\n\n\n\n<p style=\"font-size:rem\">Underground resistance organisations appeared in the ghettos of Vilnius, Kaunas, \u0160iauliai, and \u0160ven\u010dionys at the beginning of 1942. Young, active Jews chose to fight against deadly enemies: the Nazis. Women were also among the founders and fighters of those secret organisations. When WUthe hopes that resistance was possible in ghettos collapsed, members of underground organisations retreated into the forests for an armed guerrilla struggle, leaving their parents, children, and other family members in the ghetto. People who had escaped or had been rescued from the ghetto also hid with the help of the local people keeping their Jewish origin secret. They were completely dependent on the conscience, solidarity, and empathy of their rescuers.<\/p>\n\n\n\n<p><\/p>\n\n\n\n<p style=\"padding-bottom:var(--wp--preset--spacing--70)\"><strong><em>For young girls, the choice to leave was especially difficult as they all faced the dilemma: what was the right decision in the face of death?&nbsp;<\/em><\/strong><\/p>\n\n\n\n<div class=\"wp-block-media-text alignwide is-stacked-on-mobile\"><figure class=\"wp-block-media-text__media\"><img decoding=\"async\" loading=\"lazy\" width=\"711\" height=\"1024\" src=\"https:\/\/www.woundedmemory.kf.vu.lt\/wp-content\/uploads\/2023\/06\/1.1-Fania-Jochekes_1943_Coloured-711x1024.jpg\" alt=\"Po nuotrauka: Fania Jocheles-Brancovskaja, 99 metai. Vilniaus geto kalin\u0117 ir geto pogrindin\u0117s organizacijos FPO (jidi\u0161 k. Fareinighte partizaner organizacie) nar\u0117, \u017eyd\u0173 partizan\u0173 b\u016brio \u201eKer\u0161ytojas\u201c R\u016bdnink\u0173 mi\u0161ke kovotoja.\n\nFotografijos informacija: Fania Jocheles, 1943 m. Asmenin\u0117 Fanios Jocheles-Brancovskajos nuotrauka.\" class=\"wp-image-199 size-full\" srcset=\"https:\/\/www.woundedmemory.kf.vu.lt\/wp-content\/uploads\/2023\/06\/1.1-Fania-Jochekes_1943_Coloured-711x1024.jpg 711w, https:\/\/www.woundedmemory.kf.vu.lt\/wp-content\/uploads\/2023\/06\/1.1-Fania-Jochekes_1943_Coloured-208x300.jpg 208w, https:\/\/www.woundedmemory.kf.vu.lt\/wp-content\/uploads\/2023\/06\/1.1-Fania-Jochekes_1943_Coloured-768x1106.jpg 768w, https:\/\/www.woundedmemory.kf.vu.lt\/wp-content\/uploads\/2023\/06\/1.1-Fania-Jochekes_1943_Coloured.jpg 972w\" sizes=\"(max-width: 711px) 100vw, 711px\" \/><\/figure><div class=\"wp-block-media-text__content\">\n<p class=\"has-small-font-size\">\u201cI came home. I told my parents I would probably go to the partisans. [My mom] sewed the star on me the way I could tear it off very easily. Mom also [prepared], I remember a portfolio, which somehow remained. A kind of a handbag. I had a friend who as soon as we got into the ghetto gave me a bottle of perfume or eau&nbsp;de cologne on my birthday because his family owned a perfume shop before the war. I also took a towel, a [blue] blouse I knitted myself and my mom had some [cooked] peas. And after about half an hour, Doba [Doveltov] came and said there was a chance to get out of the ghetto [\u2026]. And I said goodbye to my parents, sister &#8230; And we went out \u2026\u201d<\/p>\n\n\n\n<p class=\"has-text-align-right has-small-font-size\" style=\"font-style:normal;font-weight:500\"><em>Fania Yocheles-Brancovskaya<\/em><\/p>\n<\/div><\/div>\n\n\n\n<p style=\"font-size:0.6rem;line-height:0.3\">Fania Yocheles-Brancovskaya, 99 years old. Prisoner of the Vilnius Ghetto, a member of the <\/p>\n\n\n\n<p style=\"font-size:0.6rem;line-height:0.3\">underground organisation of the ghetto FPO (in Yiddish \u2013 Fareinighte partizaner organizacie), and <\/p>\n\n\n\n<p style=\"font-size:0.6rem;line-height:0.3\">a fighter of Jewish partisan squad \u2018Avenger\u2019 in the R\u016bdninkai Forest. <\/p>\n\n\n\n<p style=\"font-size:0.6rem;line-height:0.3\"><em>Fania Yocheles, 1943. From the personal archive of Fania Yocheles-Brancovskaya.<\/em><\/p>\n\n\n\n<div style=\"height:60px\" aria-hidden=\"true\" class=\"wp-block-spacer\"><\/div>\n\n\n\n<div class=\"wp-block-media-text alignwide has-media-on-the-right is-stacked-on-mobile\" style=\"grid-template-columns:auto 49%\"><div class=\"wp-block-media-text__content\">\n<p class=\"has-small-font-size\">\u201cOnly fear and sadness on my mind. It was awful to leave without saying goodbye to my family. It was frightful to leave the [Vilnius] ghetto where I had been living hopelessly for a year and a half although it seemed [like] for ten years [&#8230;] we left not to survive but to fight and lose our lives. We could not take our brothers, parents, adolescent children together. [&#8230;] I was tormented by the thought: I did not say goodbye! But how could I \u2013 after my father told me he would report us to the police? Later, when I was already in the forest, I was told that my father had come to the library to look for me, and only when he saw that there was no [my] toothbrush, he realised that I had gone forever. I was less than 22. I never saw my parents again. I became an orphan the moment I left, and I am still tormented by the thought that if I stayed there maybe we would have survived [&#8230;], maybe we would all have been alive.\u201d<\/p>\n\n\n\n<p class=\"has-text-align-right has-small-font-size\"><em>Rachil Margolis<\/em><\/p>\n\n\n\n<div class=\"wp-block-columns is-layout-flex wp-container-3\">\n<div class=\"wp-block-column is-layout-flow\">\n<p style=\"font-size:0.6rem\"><\/p>\n<\/div>\n\n\n\n<div class=\"wp-block-column is-layout-flow\">\n<p class=\"has-text-align-right\" style=\"font-size:0.6rem\">Rachil Margolis (1921\u20132015) \u2013 prisoner of the Vilnius Ghetto, a member of the underground organisation of the ghetto FPO (in Yiddish \u2013 Fareinighte partizaner organizacie), and a fighter of Jewish partisan squads \u2018Avenger\u2019 and \u2018Vilnius\u2019 in the R\u016bdninkai Forest. <\/p>\n\n\n\n<p class=\"has-text-align-right\" style=\"font-size:0.6rem\"><em>Vilna Gaon Museum of Jewish History&nbsp;<\/em><\/p>\n\n\n\n<p><\/p>\n<\/div>\n<\/div>\n\n\n\n<p class=\"has-text-align-right\" style=\"font-size:0.6rem\"><\/p>\n<\/div><figure class=\"wp-block-media-text__media\"><img decoding=\"async\" loading=\"lazy\" width=\"702\" height=\"1024\" src=\"https:\/\/www.woundedmemory.kf.vu.lt\/wp-content\/uploads\/2023\/06\/1.2A-Rachile-Margolis-2-702x1024.jpg\" alt=\"\" class=\"wp-image-216 size-full\" srcset=\"https:\/\/www.woundedmemory.kf.vu.lt\/wp-content\/uploads\/2023\/06\/1.2A-Rachile-Margolis-2-702x1024.jpg 702w, https:\/\/www.woundedmemory.kf.vu.lt\/wp-content\/uploads\/2023\/06\/1.2A-Rachile-Margolis-2-206x300.jpg 206w, https:\/\/www.woundedmemory.kf.vu.lt\/wp-content\/uploads\/2023\/06\/1.2A-Rachile-Margolis-2-768x1121.jpg 768w, https:\/\/www.woundedmemory.kf.vu.lt\/wp-content\/uploads\/2023\/06\/1.2A-Rachile-Margolis-2-1052x1536.jpg 1052w, https:\/\/www.woundedmemory.kf.vu.lt\/wp-content\/uploads\/2023\/06\/1.2A-Rachile-Margolis-2.jpg 1236w\" sizes=\"(max-width: 702px) 100vw, 702px\" \/><\/figure><\/div>\n\n\n\n<div style=\"height:60px\" aria-hidden=\"true\" class=\"wp-block-spacer\"><\/div>\n\n\n\n<div class=\"wp-block-columns is-layout-flex wp-container-6\">\n<div class=\"wp-block-column is-layout-flow\">\n<figure class=\"wp-block-image size-large\"><img decoding=\"async\" loading=\"lazy\" width=\"790\" height=\"1024\" src=\"https:\/\/www.woundedmemory.kf.vu.lt\/wp-content\/uploads\/2023\/06\/1.2B-Margolis-1_photos_v2_x4-5-790x1024.jpg\" alt=\"\" class=\"wp-image-699\" srcset=\"https:\/\/www.woundedmemory.kf.vu.lt\/wp-content\/uploads\/2023\/06\/1.2B-Margolis-1_photos_v2_x4-5-790x1024.jpg 790w, https:\/\/www.woundedmemory.kf.vu.lt\/wp-content\/uploads\/2023\/06\/1.2B-Margolis-1_photos_v2_x4-5-232x300.jpg 232w, https:\/\/www.woundedmemory.kf.vu.lt\/wp-content\/uploads\/2023\/06\/1.2B-Margolis-1_photos_v2_x4-5-768x995.jpg 768w, https:\/\/www.woundedmemory.kf.vu.lt\/wp-content\/uploads\/2023\/06\/1.2B-Margolis-1_photos_v2_x4-5.jpg 960w\" sizes=\"(max-width: 790px) 100vw, 790px\" \/><\/figure>\n<\/div>\n\n\n\n<div class=\"wp-block-column is-layout-flow\">\n<figure class=\"wp-block-image size-large\"><img decoding=\"async\" loading=\"lazy\" width=\"1012\" height=\"1024\" src=\"https:\/\/www.woundedmemory.kf.vu.lt\/wp-content\/uploads\/2023\/06\/1.2C-Stolperstein_fur_Dr._Samuel_Margolis_Vilnius-6-1012x1024.jpg\" alt=\"\" class=\"wp-image-702\" srcset=\"https:\/\/www.woundedmemory.kf.vu.lt\/wp-content\/uploads\/2023\/06\/1.2C-Stolperstein_fur_Dr._Samuel_Margolis_Vilnius-6-1012x1024.jpg 1012w, https:\/\/www.woundedmemory.kf.vu.lt\/wp-content\/uploads\/2023\/06\/1.2C-Stolperstein_fur_Dr._Samuel_Margolis_Vilnius-6-297x300.jpg 297w, https:\/\/www.woundedmemory.kf.vu.lt\/wp-content\/uploads\/2023\/06\/1.2C-Stolperstein_fur_Dr._Samuel_Margolis_Vilnius-6-768x777.jpg 768w, https:\/\/www.woundedmemory.kf.vu.lt\/wp-content\/uploads\/2023\/06\/1.2C-Stolperstein_fur_Dr._Samuel_Margolis_Vilnius-6-1519x1536.jpg 1519w, https:\/\/www.woundedmemory.kf.vu.lt\/wp-content\/uploads\/2023\/06\/1.2C-Stolperstein_fur_Dr._Samuel_Margolis_Vilnius-6-2025x2048.jpg 2025w\" sizes=\"(max-width: 1012px) 100vw, 1012px\" \/><\/figure>\n\n\n\n<p class=\"has-text-align-right\" style=\"font-size:0.5rem;line-height:1.2\">Atminimo akmuo gydytojui Samueliui Margoliui Vilniaus g.<br>33\/Islandijos g. 2, Vilniuje, sankry\u017eoje<\/p>\n\n\n\n<p class=\"has-text-align-right\" style=\"font-size:0.5rem;line-height:0.3\"><em>Viliaus Mateikos nuotrauka<\/em><\/p>\n<\/div>\n<\/div>\n\n\n\n<p class=\"has-text-align-left\" style=\"font-size:0.5rem;line-height:1.2\">Gydytojas Samuelis Margolis<\/p>\n\n\n\n<p style=\"font-size:0.5rem\"><em>\u0420\u0430\u0445\u0438\u043b\u044c \u041c\u0430\u0440\u0433\u043e\u043b\u0438\u0441. \u041d\u0435\u043c\u043d\u043e\u0433\u043e \u0441\u0432\u0435\u0442\u0430 \u0432\u043e \u043c\u0440\u0430\u043a\u0435. \u0412\u0438\u043b\u044c\u043d\u044e\u0441,<br>2006<\/em><\/p>\n\n\n\n<div style=\"height:60px\" aria-hidden=\"true\" class=\"wp-block-spacer\"><\/div>\n\n\n\n<p class=\"has-small-font-size\">\u201cI was informed about my escape with Misha from the [Kaunas] Ghetto to the R\u016bdninkai Forest at the beginning of December [1943] and told my mom about it. She cried and rejoiced in the hope that I would succeed in my salvation. I considered myself a traitor for leaving my mother to fate. I was very confused in those days. It seemed that it is not fair that I would leave my loved ones, and that I had no moral right to leave them. Two conflicting feelings struggled in my soul. One demanded to go and fight the enemy, and the other persuaded that I should stay with the family, take care of them and die or survive together \u2013 whatever the destiny.\u201d<\/p>\n\n\n\n<p class=\"has-text-align-right has-small-font-size\"><em>Sara Ginait\u0117-Rubinson<\/em><\/p>\n\n\n\n<div style=\"height:60px\" aria-hidden=\"true\" class=\"wp-block-spacer\"><\/div>\n\n\n\n<div class=\"wp-block-media-text alignwide has-media-on-the-right is-stacked-on-mobile\"><div class=\"wp-block-media-text__content\">\n<p class=\"has-small-font-size\">\u201cMom prepared what was necessary. She would have given us not only more bags but also her heart, and her life experience. I took a few old photos and continuously repeated: \u2018I&#8217;ll definitely be back, I&#8217;ll find an opportunity to get back to the ghetto at least for a while, you\u2019ll see\u2019. Mom looked at me sadly and probably thought that I was still a child and my mind full of illusions..\u201d<\/p>\n\n\n\n<p class=\"has-text-align-right has-small-font-size\"><em>Sara Ginait\u0117-Rubinson<\/em><\/p>\n<\/div><figure class=\"wp-block-media-text__media\"><img decoding=\"async\" loading=\"lazy\" width=\"1024\" height=\"676\" src=\"https:\/\/www.woundedmemory.kf.vu.lt\/wp-content\/uploads\/2023\/06\/1.3-vzm-1796-2-1024x676.jpg\" alt=\"\" class=\"wp-image-222 size-full\" srcset=\"https:\/\/www.woundedmemory.kf.vu.lt\/wp-content\/uploads\/2023\/06\/1.3-vzm-1796-2-1024x676.jpg 1024w, https:\/\/www.woundedmemory.kf.vu.lt\/wp-content\/uploads\/2023\/06\/1.3-vzm-1796-2-300x198.jpg 300w, https:\/\/www.woundedmemory.kf.vu.lt\/wp-content\/uploads\/2023\/06\/1.3-vzm-1796-2-768x507.jpg 768w, https:\/\/www.woundedmemory.kf.vu.lt\/wp-content\/uploads\/2023\/06\/1.3-vzm-1796-2-1536x1014.jpg 1536w, https:\/\/www.woundedmemory.kf.vu.lt\/wp-content\/uploads\/2023\/06\/1.3-vzm-1796-2-2048x1352.jpg 2048w\" sizes=\"(max-width: 1024px) 100vw, 1024px\" \/><\/figure><\/div>\n\n\n\n<p class=\"has-text-align-right\" style=\"font-size:0.6rem;line-height:0.3\">Deportation of the Kaunas Ghetto prisoners to the Nazi concentration camps in 1943-1944. <\/p>\n\n\n\n<p class=\"has-text-align-right\" style=\"font-size:0.6rem;line-height:0.3\"><em>Vilna Gaon Museum of Jewish History&nbsp;<\/em> <\/p>\n\n\n\n<div style=\"height:60px\" aria-hidden=\"true\" class=\"wp-block-spacer\"><\/div>\n\n\n\n<div class=\"wp-block-media-text alignwide is-stacked-on-mobile is-image-fill\"><figure class=\"wp-block-media-text__media\" style=\"background-image:url(https:\/\/www.woundedmemory.kf.vu.lt\/wp-content\/uploads\/2023\/06\/1.4-Pogrom-in-Kaunas_June-1941-1-1024x686.jpeg);background-position:50% 50%\"><img decoding=\"async\" loading=\"lazy\" width=\"1024\" height=\"686\" src=\"https:\/\/www.woundedmemory.kf.vu.lt\/wp-content\/uploads\/2023\/06\/1.4-Pogrom-in-Kaunas_June-1941-1-1024x686.jpeg\" alt=\"\" class=\"wp-image-223 size-full\" srcset=\"https:\/\/www.woundedmemory.kf.vu.lt\/wp-content\/uploads\/2023\/06\/1.4-Pogrom-in-Kaunas_June-1941-1-1024x686.jpeg 1024w, https:\/\/www.woundedmemory.kf.vu.lt\/wp-content\/uploads\/2023\/06\/1.4-Pogrom-in-Kaunas_June-1941-1-300x201.jpeg 300w, https:\/\/www.woundedmemory.kf.vu.lt\/wp-content\/uploads\/2023\/06\/1.4-Pogrom-in-Kaunas_June-1941-1-768x515.jpeg 768w, https:\/\/www.woundedmemory.kf.vu.lt\/wp-content\/uploads\/2023\/06\/1.4-Pogrom-in-Kaunas_June-1941-1.jpeg 1280w\" sizes=\"(max-width: 1024px) 100vw, 1024px\" \/><\/figure><div class=\"wp-block-media-text__content\">\n<p class=\"has-small-font-size\">\u201cAll my life I lived with my mom\u2019s story. I\u2019m so tired of it.\u201d<\/p>\n\n\n\n<p class=\"has-text-align-right has-small-font-size\">The daughter of a Holocaust survivor<\/p>\n\n\n\n<p class=\"has-small-font-size\">\u201cMy grandmother talked about it. But you know, people talk but they don\u2019t tell you everything. And I think she had her own story and told it. Nevertheless, there were things that she would not tell, I think.\u201d<\/p>\n\n\n\n<p class=\"has-text-align-right has-small-font-size\"><em>Judita Gliauberzonait\u0117, the granddaughter of a Holocaust survivor<\/em><\/p>\n<\/div><\/div>\n\n\n\n<p style=\"font-size:0.6rem;line-height:0.3\">Pogrom of Jews in the &#8216;Liet\u016bkis&#8217; garage, in Kaunas, initiated by Nazis and executed by the local <\/p>\n\n\n\n<p style=\"font-size:0.6rem;line-height:0.3\">Lithuanian Nazi supporters while the city residents watched. Kaunas, June 27th 1941 <\/p>\n\n\n\n<p style=\"font-size:0.6rem;line-height:0.3\"><em>Vilna Gaon Museum of Jewish History, Holocaust Exhibition<\/em>&nbsp;<\/p>\n\n\n\n<div style=\"height:60px\" aria-hidden=\"true\" class=\"wp-block-spacer\"><\/div>\n\n\n\n<div class=\"wp-block-columns is-layout-flex wp-container-10\">\n<div class=\"wp-block-column is-layout-flow\" style=\"flex-basis:25%\"><\/div>\n\n\n\n<div class=\"wp-block-column is-layout-flow\" style=\"flex-basis:50%\"><div class=\"oxi-addons-container   oxi-addons-flipbox-template-style9\">        <div class=\"oxilab-flip-box-wrapper\">\r\n                                <div class=\"oxilab-flip-box-col-1 oxilab-flip-box-padding-12\"\r\n                         sa-data-animation=\"pulse\"\r\n                         sa-data-animation-offset=\"100%\"\r\n                         sa-data-animation-delay=\"0ms\"\r\n                         sa-data-animation-duration=\" 2000ms\">\r\n                        <div class=\" oxilab-flip-box-body-12 oxilab-flip-box-body-12-26\">\r\n                                                        <div class=\"oxilab-flip-box-body-absulote\">\r\n                                <div class=\"oxilab-flip-box-flip oxilab-flip-box-flip-left-to-right\">\r\n                                    <div class=\"oxilab-flip-box-style-data easing_easeInOutCirc\">\r\n                                        <div class=\"oxilab-flip-box-style\">\r\n                                            <div class=\"oxilab-flip-box-front\">\r\n                                                <div class=\"oxilab-flip-box-12\">\r\n                                                    <div class=\"oxilab-flip-box-12-data\">\r\n                                                        <div class=\"oxilab-icon\">\r\n                                                            <div class=\"oxilab-icon-data\">\r\n                                                                        <i class=\"fas fa-headphones-alt oxi-icons\"><\/i>\r\n                                                                    <\/div>\r\n                                                        <\/div>\r\n                                                        <div class=\"oxilab-heading\">\r\n                                                            SENSITIVE STORY                                                        <\/div>\r\n\r\n                                                    <\/div>\r\n                                                <\/div>\r\n                                            <\/div>\r\n                                            <div class=\"oxilab-flip-box-back\">\r\n                                                <div class=\"oxilab-flip-box-back-12\">\r\n                                                    <div class=\"oxilab-flip-box-back-12-data\">\r\n                                                        <div class=\"oxilab-heading\">\r\n                                                            Would you stay?                                                        <\/div>\r\n                                                        <div class=\"oxilab-info\">\r\n                                                            Interview with Fruma Vitkinait\u0117-Ku\u010dinskien\u0117 in February 2021                                                        <\/div>\r\n                                                                                                                    <a href=\"https:\/\/www.woundedmemory.kf.vu.lt\/wp-content\/uploads\/2023\/06\/1.6-Fruma-Vitkinaite_Kucinskiene_Prievarta.mp3\" target=\"\">\r\n                                                                <span class=\"oxilab-button\">\r\n                                                                    <span class=\"oxilab-button-data\">\r\n                                                                        LISTEN                                                                    <\/span>\r\n                                                                <\/span>\r\n                                                            <\/a>\r\n                                                                                                                <\/div>\r\n                                                <\/div>\r\n                                            <\/div>\r\n                                        <\/div>\r\n                                    <\/div>\r\n                                <\/div>\r\n                            <\/div>\r\n                            \r\n                        <\/div>\r\n\r\n\r\n                        \r\n                    <\/div>\r\n                    \r\n        <\/div>\r\n\r\n        <\/div>\n<\/div>\n\n\n\n<div class=\"wp-block-column is-layout-flow\" style=\"flex-basis:25%\"><\/div>\n<\/div>\n\n\n\n<div style=\"height:100px\" aria-hidden=\"true\" class=\"wp-block-spacer\"><\/div>\n","protected":false},"excerpt":{"rendered":"<p><!-- wp:spacer {\"height\":\"60px\"} --><\/p>\n<div style=\"height:60px\" aria-hidden=\"true\" class=\"wp-block-spacer\"><\/div>\n<p><!-- \/wp:spacer --><\/p>\n<p><!-- wp:paragraph {\"style\":{\"typography\":{\"fontSize\":\"rem\"}}} --><\/p>\n<p style=\"font-size:rem\">Underground resistance org&#8230;<\/p>\n","protected":false},"author":1,"featured_media":0,"parent":0,"menu_order":0,"comment_status":"closed","ping_status":"closed","template":"","meta":[],"_links":{"self":[{"href":"https:\/\/www.woundedmemory.kf.vu.lt\/en_US\/wp-json\/wp\/v2\/pages\/184"}],"collection":[{"href":"https:\/\/www.woundedmemory.kf.vu.lt\/en_US\/wp-json\/wp\/v2\/pages"}],"about":[{"href":"https:\/\/www.woundedmemory.kf.vu.lt\/en_US\/wp-json\/wp\/v2\/types\/page"}],"author":[{"embeddable":true,"href":"https:\/\/www.woundedmemory.kf.vu.lt\/en_US\/wp-json\/wp\/v2\/users\/1"}],"replies":[{"embeddable":true,"href":"https:\/\/www.woundedmemory.kf.vu.lt\/en_US\/wp-json\/wp\/v2\/comments?post=184"}],"version-history":[{"count":45,"href":"https:\/\/www.woundedmemory.kf.vu.lt\/en_US\/wp-json\/wp\/v2\/pages\/184\/revisions"}],"predecessor-version":[{"id":842,"href":"https:\/\/www.woundedmemory.kf.vu.lt\/en_US\/wp-json\/wp\/v2\/pages\/184\/revisions\/842"}],"wp:attachment":[{"href":"https:\/\/www.woundedmemory.kf.vu.lt\/en_US\/wp-json\/wp\/v2\/media?parent=184"}],"curies":[{"name":"wp","href":"https:\/\/api.w.org\/{rel}","templated":true}]}}