{"id":16,"date":"2023-04-18T11:43:00","date_gmt":"2023-04-18T11:43:00","guid":{"rendered":"https:\/\/www.woundedmemory.kf.vu.lt\/?page_id=16"},"modified":"2023-08-10T09:47:30","modified_gmt":"2023-08-10T09:47:30","slug":"ar-pamirstum","status":"publish","type":"page","link":"https:\/\/www.woundedmemory.kf.vu.lt\/en_US\/ar-pamirstum\/","title":{"rendered":"Would you forget?"},"content":{"rendered":"\n<div style=\"height:60px\" aria-hidden=\"true\" class=\"wp-block-spacer\"><\/div>\n\n\n\n<p class=\"has-medium-font-size\">At the end of the war, squads of Jewish partisans that operated in the forests were demobilised, prisoners who survived returned from the concentration camps, and ghetto prisoners who escaped and were supported by the locals at their hiding places were freed.&nbsp;<\/p>\n\n\n\n<p class=\"has-medium-font-size\">Female Holocaust survivors began to create a new life based on family and children. If there was an opportunity some of them repatriated to Israel, keeping their wartime experiences secret, hiding them even from the closest family members. Testimonies of daughters and granddaughters of female survivors reveal that even silent traumatic experiences were passed down the generations, and had a negative impact on three generations.<\/p>\n\n\n\n<p class=\"has-medium-font-size\">After many years of silence, the events told and described helped the survivors of the Holocaust to come to terms with their past and overcome psychological trauma. Opening up is not easy and requires a lot of courage.<\/p>\n\n\n\n<p><strong><em>The women who shared the painful experiences solved the dilemma: Is it worth sacrificing their privacy to encourage the other women to talk about their traumatic experiences?<\/em><\/strong><\/p>\n\n\n\n<div style=\"height:60px\" aria-hidden=\"true\" class=\"wp-block-spacer\"><\/div>\n\n\n\n<div class=\"wp-block-media-text alignwide is-stacked-on-mobile\" style=\"grid-template-columns:59% auto\"><figure class=\"wp-block-media-text__media\"><img decoding=\"async\" loading=\"lazy\" width=\"1024\" height=\"668\" src=\"https:\/\/www.woundedmemory.kf.vu.lt\/wp-content\/uploads\/2023\/06\/4.1A-Fruma-Vitkinaite-Kucinskiene-su-teta-Rivka-Smukleryte-Oseroviciene.-Kaunas-apie-1946-1024x668.jpg\" alt=\"\" class=\"wp-image-285 size-full\" srcset=\"https:\/\/www.woundedmemory.kf.vu.lt\/wp-content\/uploads\/2023\/06\/4.1A-Fruma-Vitkinaite-Kucinskiene-su-teta-Rivka-Smukleryte-Oseroviciene.-Kaunas-apie-1946-1024x668.jpg 1024w, https:\/\/www.woundedmemory.kf.vu.lt\/wp-content\/uploads\/2023\/06\/4.1A-Fruma-Vitkinaite-Kucinskiene-su-teta-Rivka-Smukleryte-Oseroviciene.-Kaunas-apie-1946-300x196.jpg 300w, https:\/\/www.woundedmemory.kf.vu.lt\/wp-content\/uploads\/2023\/06\/4.1A-Fruma-Vitkinaite-Kucinskiene-su-teta-Rivka-Smukleryte-Oseroviciene.-Kaunas-apie-1946-768x501.jpg 768w, https:\/\/www.woundedmemory.kf.vu.lt\/wp-content\/uploads\/2023\/06\/4.1A-Fruma-Vitkinaite-Kucinskiene-su-teta-Rivka-Smukleryte-Oseroviciene.-Kaunas-apie-1946-1536x1002.jpg 1536w, https:\/\/www.woundedmemory.kf.vu.lt\/wp-content\/uploads\/2023\/06\/4.1A-Fruma-Vitkinaite-Kucinskiene-su-teta-Rivka-Smukleryte-Oseroviciene.-Kaunas-apie-1946-2048x1335.jpg 2048w\" sizes=\"(max-width: 1024px) 100vw, 1024px\" \/><\/figure><div class=\"wp-block-media-text__content\">\n<p class=\"has-small-font-size\">\u201cThere was a public library in Kaunas. [&#8230;] He was probably ten years old. I didn&#8217;t tell him anything [&#8230;] and, nevertheless, once he brought me the book \u2018Unarmed Fighters\u2019 by Sofija Binkien\u0117 [&#8230;]. Of course, I had it, but he didn\u2019t know. I didn\u2019t show them [&#8230;]. He said, \u2018Mom, I found one book. [&#8230;] And stole it &#8230; for you\u2019. Can you imagine, I never told him anything, and he was maybe ten, but he somehow found that book, began to read it, could not put it to the side, and brought it to the mother. [&#8230;] I never in my life found out that he had stolen anything. You see \u2013 you ask, how did the children react?\u201d<\/p>\n\n\n\n<p class=\"has-text-align-right has-small-font-size\"><em>Fruma Vitkinait\u0117-Ku\u010dinskien\u0117<\/em><\/p>\n\n\n\n<div style=\"height:100px\" aria-hidden=\"true\" class=\"wp-block-spacer\"><\/div>\n\n\n\n<p style=\"font-size:0.6rem;line-height:0.3\">Fruma Vitkinait\u0117-Ku\u010dinskien\u0117, 88-year-old former prisoner of the<\/p>\n\n\n\n<p style=\"font-size:0.6rem;line-height:0.3\">Kaunas Ghetto. Her family did not survive during the liquidation of<\/p>\n\n\n\n<p style=\"font-size:0.6rem;line-height:0.3\">the Kaunas Ghetto, but Fruma was saved thanks to the efforts of her<\/p>\n\n\n\n<p style=\"font-size:0.6rem;line-height:0.3\">mother and local rescuers of various nationalities.<\/p>\n\n\n\n<p style=\"font-size:0.6rem;line-height:0.3\"><em>Fruma Vitkinait\u0117-Ku\u010dinskien\u0117 with her aunt Rivka \u0160mukleryt\u0117-O\u0161erovi\u010dien\u0117, 1946. <\/em><\/p>\n\n\n\n<p style=\"font-size:0.6rem;line-height:0.3\"><em>From the personal archive of Fruma Vitkinait\u0117-Ku\u010dinskien\u0117&nbsp;<\/em><\/p>\n<\/div><\/div>\n\n\n\n<div style=\"height:60px\" aria-hidden=\"true\" class=\"wp-block-spacer\"><\/div>\n\n\n\n<figure class=\"wp-block-image aligncenter size-large is-resized\"><img decoding=\"async\" loading=\"lazy\" src=\"https:\/\/www.woundedmemory.kf.vu.lt\/wp-content\/uploads\/2023\/06\/VU-6-1-767x1024.jpg\" alt=\"\" class=\"wp-image-726\" width=\"495\" height=\"660\" srcset=\"https:\/\/www.woundedmemory.kf.vu.lt\/wp-content\/uploads\/2023\/06\/VU-6-1-767x1024.jpg 767w, https:\/\/www.woundedmemory.kf.vu.lt\/wp-content\/uploads\/2023\/06\/VU-6-1-225x300.jpg 225w, https:\/\/www.woundedmemory.kf.vu.lt\/wp-content\/uploads\/2023\/06\/VU-6-1-768x1025.jpg 768w, https:\/\/www.woundedmemory.kf.vu.lt\/wp-content\/uploads\/2023\/06\/VU-6-1-1151x1536.jpg 1151w, https:\/\/www.woundedmemory.kf.vu.lt\/wp-content\/uploads\/2023\/06\/VU-6-1-1534x2048.jpg 1534w, https:\/\/www.woundedmemory.kf.vu.lt\/wp-content\/uploads\/2023\/06\/VU-6-1-scaled.jpg 1918w\" sizes=\"(max-width: 495px) 100vw, 495px\" \/><\/figure>\n\n\n\n<p class=\"has-text-align-center\" style=\"font-size:0.6rem;line-height:0.3\">\u00a0Knygos apie \u017eyd\u0173 gelb\u0117tojus vir\u0161elis. S. Binkien\u0117 \u201eIr be ginklo kariai\u201c (Vilnius, 1967)<\/p>\n\n\n\n<p class=\"has-text-align-center\" style=\"font-size:0.6rem;line-height:0.3\"><em>Tomo Kapo\u010diaus nuotrauka<\/em><\/p>\n\n\n\n<div style=\"height:60px\" aria-hidden=\"true\" class=\"wp-block-spacer\"><\/div>\n\n\n\n<div class=\"wp-block-media-text alignwide has-media-on-the-right is-stacked-on-mobile\"><div class=\"wp-block-media-text__content\">\n<p class=\"has-small-font-size\">\u201cMany who survived in the ghetto and various [concentration] camps told nothing to their loved ones. Stayed silent for a long time &#8230; couldn\u2019t talk. And their children didn\u2019t know what they were going through. And only in recent years many started coming to Paneriai. And they started talking. Myself to my family \u2013 also &#8230; My children were born &#8230; I started telling them from the first day.\u201d<\/p>\n\n\n\n<p class=\"has-text-align-right has-small-font-size\"><em>Fania Yocheles-Brancovskaya<\/em><\/p>\n\n\n\n<div style=\"height:500px\" aria-hidden=\"true\" class=\"wp-block-spacer\"><\/div>\n\n\n\n<p class=\"has-text-align-right\" style=\"font-size:0.6rem;line-height:0.3\">Fania with her husband Michail Brancovsky after the war, in the yard of the Vilnius <\/p>\n\n\n\n<p class=\"has-text-align-right\" style=\"font-size:0.6rem;line-height:0.3\">Ghetto library. August or September, 1944.&nbsp;<\/p>\n\n\n\n<p class=\"has-text-align-right\" style=\"font-size:0.6rem;line-height:0.3\"><em>From the personal archive of Fania Yocheles-Brancovskaya&nbsp;<\/em><\/p>\n<\/div><figure class=\"wp-block-media-text__media\"><img decoding=\"async\" loading=\"lazy\" width=\"652\" height=\"1024\" src=\"https:\/\/www.woundedmemory.kf.vu.lt\/wp-content\/uploads\/2023\/06\/4.2A-Fania-ir-Michailas-Brancovskiai-652x1024.jpg\" alt=\"\" class=\"wp-image-288 size-full\" srcset=\"https:\/\/www.woundedmemory.kf.vu.lt\/wp-content\/uploads\/2023\/06\/4.2A-Fania-ir-Michailas-Brancovskiai-652x1024.jpg 652w, https:\/\/www.woundedmemory.kf.vu.lt\/wp-content\/uploads\/2023\/06\/4.2A-Fania-ir-Michailas-Brancovskiai-191x300.jpg 191w, https:\/\/www.woundedmemory.kf.vu.lt\/wp-content\/uploads\/2023\/06\/4.2A-Fania-ir-Michailas-Brancovskiai-768x1205.jpg 768w, https:\/\/www.woundedmemory.kf.vu.lt\/wp-content\/uploads\/2023\/06\/4.2A-Fania-ir-Michailas-Brancovskiai-979x1536.jpg 979w, https:\/\/www.woundedmemory.kf.vu.lt\/wp-content\/uploads\/2023\/06\/4.2A-Fania-ir-Michailas-Brancovskiai-1305x2048.jpg 1305w, https:\/\/www.woundedmemory.kf.vu.lt\/wp-content\/uploads\/2023\/06\/4.2A-Fania-ir-Michailas-Brancovskiai-scaled.jpg 1631w\" sizes=\"(max-width: 652px) 100vw, 652px\" \/><\/figure><\/div>\n\n\n\n<div style=\"height:60px\" aria-hidden=\"true\" class=\"wp-block-spacer\"><\/div>\n\n\n\n<figure class=\"wp-block-image aligncenter size-large\"><img decoding=\"async\" loading=\"lazy\" width=\"1024\" height=\"576\" src=\"https:\/\/www.woundedmemory.kf.vu.lt\/wp-content\/uploads\/2023\/06\/2018-06-26-Fania-003.02_28_24_12.Still040-1024x576.jpg\" alt=\"\" class=\"wp-image-737\" srcset=\"https:\/\/www.woundedmemory.kf.vu.lt\/wp-content\/uploads\/2023\/06\/2018-06-26-Fania-003.02_28_24_12.Still040-1024x576.jpg 1024w, https:\/\/www.woundedmemory.kf.vu.lt\/wp-content\/uploads\/2023\/06\/2018-06-26-Fania-003.02_28_24_12.Still040-300x169.jpg 300w, https:\/\/www.woundedmemory.kf.vu.lt\/wp-content\/uploads\/2023\/06\/2018-06-26-Fania-003.02_28_24_12.Still040-768x432.jpg 768w, https:\/\/www.woundedmemory.kf.vu.lt\/wp-content\/uploads\/2023\/06\/2018-06-26-Fania-003.02_28_24_12.Still040-1536x864.jpg 1536w, https:\/\/www.woundedmemory.kf.vu.lt\/wp-content\/uploads\/2023\/06\/2018-06-26-Fania-003.02_28_24_12.Still040.jpg 1920w\" sizes=\"(max-width: 1024px) 100vw, 1024px\" \/><\/figure>\n\n\n\n<p class=\"has-text-align-center\" style=\"font-size:0.6rem;line-height:0.3\">Photo for the interview with Fania Yocheles-Brancovskaya in June 2018. In her hands \u2013 a photo of Fania\u2019s family that did not survive.&nbsp;<\/p>\n\n\n\n<p class=\"has-text-align-center\" style=\"font-size:0.6rem;line-height:0.3\"><em>Vilna Gaon Museum of Jewish History<\/em><\/p>\n\n\n\n<div style=\"height:60px\" aria-hidden=\"true\" class=\"wp-block-spacer\"><\/div>\n\n\n\n<blockquote class=\"wp-block-quote\">\n<p class=\"has-medium-font-size\" style=\"font-style:normal;font-weight:500\">\u201cI was silent. I never talked about anything. [&#8230;] I wanted to forget all of it. Just delete everything. [&#8230;] I tried not to think about it. I didn\u2019t write about extremely difficult situations [&#8230;] there is nothing about all this. [&#8230;] I wrote about completely different things. [&#8230;] Enough, but not everything. Maybe it\u2019s good that you\u2019re asking about it because the world needs to know what it was. [&#8230;] Even now, it\u2019s hard to talk about it.\u201d<\/p>\n\n\n\n<p class=\"has-text-align-right has-medium-font-size\" style=\"font-style:normal;font-weight:600\"><em>Dita Zupovitz-Sperling<\/em><\/p>\n<\/blockquote>\n\n\n\n<div style=\"height:60px\" aria-hidden=\"true\" class=\"wp-block-spacer\"><\/div>\n\n\n\n<figure class=\"wp-block-image aligncenter size-large\"><img decoding=\"async\" loading=\"lazy\" width=\"1024\" height=\"707\" src=\"https:\/\/www.woundedmemory.kf.vu.lt\/wp-content\/uploads\/2023\/06\/Dita-and-Juda_Kovno-ghetto_USHMM-704684-1-1024x707.jpg\" alt=\"\" class=\"wp-image-740\" srcset=\"https:\/\/www.woundedmemory.kf.vu.lt\/wp-content\/uploads\/2023\/06\/Dita-and-Juda_Kovno-ghetto_USHMM-704684-1-1024x707.jpg 1024w, https:\/\/www.woundedmemory.kf.vu.lt\/wp-content\/uploads\/2023\/06\/Dita-and-Juda_Kovno-ghetto_USHMM-704684-1-300x207.jpg 300w, https:\/\/www.woundedmemory.kf.vu.lt\/wp-content\/uploads\/2023\/06\/Dita-and-Juda_Kovno-ghetto_USHMM-704684-1-768x531.jpg 768w, https:\/\/www.woundedmemory.kf.vu.lt\/wp-content\/uploads\/2023\/06\/Dita-and-Juda_Kovno-ghetto_USHMM-704684-1-1536x1061.jpg 1536w, https:\/\/www.woundedmemory.kf.vu.lt\/wp-content\/uploads\/2023\/06\/Dita-and-Juda_Kovno-ghetto_USHMM-704684-1.jpg 1737w\" sizes=\"(max-width: 1024px) 100vw, 1024px\" \/><\/figure>\n\n\n\n<p class=\"has-text-align-center\" style=\"font-size:0.6rem;line-height:0.3\">Dita Zupovitz-Sperling, 99-year-old former prisoner of the Kaunas Ghetto and the Stutthof concentration camp. Dita with her husband Yuda Zupovitz in the Kaunas Ghetto in March 1944. Yuda Zupovitz was soon arrested, tortured and killed in the Kaunas Ninth Fort. <\/p>\n\n\n\n<p class=\"has-text-align-center\" style=\"font-size:0.6rem;line-height:0.3\"><em>From the personal archive of Dita Zupovitz-Sperling<\/em><\/p>\n\n\n\n<div style=\"height:60px\" aria-hidden=\"true\" class=\"wp-block-spacer\"><\/div>\n\n\n\n<figure class=\"wp-block-image aligncenter size-large\"><img decoding=\"async\" loading=\"lazy\" width=\"1024\" height=\"576\" src=\"https:\/\/www.woundedmemory.kf.vu.lt\/wp-content\/uploads\/2023\/06\/VGSJM_Dita_Supowitz_Skarele_720p.00_00_19_21.Still002-1024x576.png\" alt=\"\" class=\"wp-image-743\" srcset=\"https:\/\/www.woundedmemory.kf.vu.lt\/wp-content\/uploads\/2023\/06\/VGSJM_Dita_Supowitz_Skarele_720p.00_00_19_21.Still002-1024x576.png 1024w, https:\/\/www.woundedmemory.kf.vu.lt\/wp-content\/uploads\/2023\/06\/VGSJM_Dita_Supowitz_Skarele_720p.00_00_19_21.Still002-300x169.png 300w, https:\/\/www.woundedmemory.kf.vu.lt\/wp-content\/uploads\/2023\/06\/VGSJM_Dita_Supowitz_Skarele_720p.00_00_19_21.Still002-768x432.png 768w, https:\/\/www.woundedmemory.kf.vu.lt\/wp-content\/uploads\/2023\/06\/VGSJM_Dita_Supowitz_Skarele_720p.00_00_19_21.Still002.png 1280w\" sizes=\"(max-width: 1024px) 100vw, 1024px\" \/><\/figure>\n\n\n\n<p class=\"has-text-align-center\" style=\"font-size:0.6rem;line-height:0.3\">Photo for the interview with Dita Zupovitz-Sperling in August 2015&nbsp;<\/p>\n\n\n\n<p class=\"has-text-align-center\" style=\"font-size:0.6rem;line-height:0.3\">Vilna Gaon Museum of Jewish History<\/p>\n\n\n\n<div style=\"height:60px\" aria-hidden=\"true\" class=\"wp-block-spacer\"><\/div>\n\n\n\n<div class=\"wp-block-media-text alignwide is-stacked-on-mobile\" style=\"grid-template-columns:56% auto\"><figure class=\"wp-block-media-text__media\"><img decoding=\"async\" loading=\"lazy\" width=\"960\" height=\"691\" src=\"https:\/\/www.woundedmemory.kf.vu.lt\/wp-content\/uploads\/2023\/06\/4.4A-Bella-Shirin-with-her-family-Kaunas_1949_Personal-Collection.jpg\" alt=\"\" class=\"wp-image-291 size-full\" srcset=\"https:\/\/www.woundedmemory.kf.vu.lt\/wp-content\/uploads\/2023\/06\/4.4A-Bella-Shirin-with-her-family-Kaunas_1949_Personal-Collection.jpg 960w, https:\/\/www.woundedmemory.kf.vu.lt\/wp-content\/uploads\/2023\/06\/4.4A-Bella-Shirin-with-her-family-Kaunas_1949_Personal-Collection-300x216.jpg 300w, https:\/\/www.woundedmemory.kf.vu.lt\/wp-content\/uploads\/2023\/06\/4.4A-Bella-Shirin-with-her-family-Kaunas_1949_Personal-Collection-768x553.jpg 768w\" sizes=\"(max-width: 960px) 100vw, 960px\" \/><\/figure><div class=\"wp-block-media-text__content\">\n<p class=\"has-small-font-size\">\u201cAnd after the death of my mother the Holocaust continued for me. I blamed myself [for my mother\u2019s suicide]. Why did I get up later that day? I could have saved my mother. [&#8230;] I couldn\u2019t talk because that was the way I was taught in my childhood \u2013 do not tell anybody what\u2019s important to you [&#8230;] after my mother&#8217;s death \u2013 I wasn\u2019t myself. I was an absolutely different person. [&#8230;] I haven\u2019t changed. A human being cannot change. I mean I forgot who I used to be. I became angry and anxious. I had no patience for anything. It all continued for too long [&#8230;] we have to talk about pain, and fear. If there is no one in a family, there are no close people \u2013 then I\u2019m ready to listen. [&#8230;] My purpose is to make it easier for anyone who has a hard time &#8230; To listen. [&#8230;] I talk to pupils in schools \u2013 that\u2019s important. [&#8230;] People need to know to avoid it all.\u201d<\/p>\n\n\n\n<p class=\"has-text-align-right has-small-font-size\"><em>Bella Shirin<\/em><\/p>\n<\/div><\/div>\n\n\n\n<p style=\"font-size:0.6rem;line-height:0\">Bella Shirin, the daughter of the Holocaust survivors, with her mother and father in the 1940s.&nbsp;<\/p>\n\n\n\n<p style=\"font-size:0.6rem;line-height:0\"><em>From the personal archive of Bella Shirin&nbsp;<\/em><\/p>\n\n\n\n<div style=\"height:60px\" aria-hidden=\"true\" class=\"wp-block-spacer\"><\/div>\n\n\n\n<figure class=\"wp-block-image aligncenter size-large\"><img decoding=\"async\" loading=\"lazy\" width=\"768\" height=\"1024\" src=\"https:\/\/www.woundedmemory.kf.vu.lt\/wp-content\/uploads\/2023\/06\/Bella-Shirin_Kaunas.2020_Credit_Agne-Bekeraityte-2-768x1024.jpg\" alt=\"\" class=\"wp-image-765\" srcset=\"https:\/\/www.woundedmemory.kf.vu.lt\/wp-content\/uploads\/2023\/06\/Bella-Shirin_Kaunas.2020_Credit_Agne-Bekeraityte-2-768x1024.jpg 768w, https:\/\/www.woundedmemory.kf.vu.lt\/wp-content\/uploads\/2023\/06\/Bella-Shirin_Kaunas.2020_Credit_Agne-Bekeraityte-2-225x300.jpg 225w, https:\/\/www.woundedmemory.kf.vu.lt\/wp-content\/uploads\/2023\/06\/Bella-Shirin_Kaunas.2020_Credit_Agne-Bekeraityte-2-1152x1536.jpg 1152w, https:\/\/www.woundedmemory.kf.vu.lt\/wp-content\/uploads\/2023\/06\/Bella-Shirin_Kaunas.2020_Credit_Agne-Bekeraityte-2-1536x2048.jpg 1536w, https:\/\/www.woundedmemory.kf.vu.lt\/wp-content\/uploads\/2023\/06\/Bella-Shirin_Kaunas.2020_Credit_Agne-Bekeraityte-2-scaled.jpg 1920w\" sizes=\"(max-width: 768px) 100vw, 768px\" \/><\/figure>\n\n\n\n<p class=\"has-text-align-center\" style=\"font-size:0.6rem;line-height:0.3\">Bella Shirin, 2020. Photo by Agn\u0117 Bekeraityt\u0117. <\/p>\n\n\n\n<p class=\"has-text-align-center\" style=\"font-size:0.6rem;line-height:0.3\"><em>From the personal archive of Bella Shirin.&nbsp;<\/em><\/p>\n\n\n\n<div style=\"height:60px\" aria-hidden=\"true\" class=\"wp-block-spacer\"><\/div>\n\n\n\n<blockquote class=\"wp-block-quote\">\n<p class=\"has-medium-font-size\" style=\"font-style:normal;font-weight:500\">\u201cI remember that in my childhood she used to say: \u2018They killed my family\u2019. I was about five years old when we went to Plung\u0117 and Kau\u0161\u0117nai. It was a kind of family trip, and I could not understand at that time why she was crying her eyes out. I had never seen her crying but at that time she was weeping loudly. She had such a close relationship with her mother, and she was killed in Kau\u0161\u0117nai. My mom was the youngest. Only her brother survived.\u201d<\/p>\n\n\n\n<p class=\"has-text-align-right has-medium-font-size\" style=\"font-style:normal;font-weight:600\"><em>Judita Gliauberzonait\u0117, the granddaughter of a Holocaust survivor&nbsp;<\/em><\/p>\n<\/blockquote>\n\n\n\n<div style=\"height:60px\" aria-hidden=\"true\" class=\"wp-block-spacer\"><\/div>\n\n\n\n<p>\u2018\u2018There was the so-called Children&#8217;s Action that day. What my eyes saw \u2013 others did not see. We were told not to leave the house, and not to open the door [but] to keep it not locked. But I didn\u2019t manage. It was near the Neris River. The river was close &#8230; I had to see what was going on there. I dared to glance through the opened door a little &#8230; It was better that I didn&#8217;t do it &#8230; Because at that moment I saw a German SS soldier standing next to a young woman with a child. He didn\u2019t want that child himself &#8230; They took the children away that day. She was holding her baby so he unleashed a big German dog \u2013 you know \u2013 a wolf. She was so scared \u2013 the child fell to the ground. That was the end. He took the child &#8230; Yes, I\u2019m trying &#8230; It seems that I did not write about it. That\u2019s why I&#8217;m trying [to tell] about it &#8230; I have to add that I\u2019ve deleted everything I\u2019d seen. I do not know how. It was deleted without my participation.\u201d<\/p>\n\n\n\n<p class=\"has-text-align-right\"><em>Dita Zupovitz-Sperling<\/em><\/p>\n\n\n\n<div style=\"height:60px\" aria-hidden=\"true\" class=\"wp-block-spacer\"><\/div>\n\n\n\n<div class=\"wp-block-columns is-layout-flex wp-container-4\">\n<div class=\"wp-block-column is-layout-flow\" style=\"flex-basis:25%\"><\/div>\n\n\n\n<div class=\"wp-block-column is-layout-flow\" style=\"flex-basis:50%\"><div class=\"oxi-addons-container   oxi-addons-flipbox-template-style9\">        <div class=\"oxilab-flip-box-wrapper\">\r\n                                <div class=\"oxilab-flip-box-col-1 oxilab-flip-box-padding-16\"\r\n                         sa-data-animation=\"pulse\"\r\n                         sa-data-animation-offset=\"100%\"\r\n                         sa-data-animation-delay=\"0ms\"\r\n                         sa-data-animation-duration=\" 2000ms\">\r\n                        <div class=\" oxilab-flip-box-body-16 oxilab-flip-box-body-16-30\">\r\n                                                        <div class=\"oxilab-flip-box-body-absulote\">\r\n                                <div class=\"oxilab-flip-box-flip oxilab-flip-box-flip-left-to-right\">\r\n                                    <div class=\"oxilab-flip-box-style-data easing_easeInOutCirc\">\r\n                                        <div class=\"oxilab-flip-box-style\">\r\n                                            <div class=\"oxilab-flip-box-front\">\r\n                                                <div class=\"oxilab-flip-box-16\">\r\n                                                    <div class=\"oxilab-flip-box-16-data\">\r\n                                                        <div class=\"oxilab-icon\">\r\n                                                            <div class=\"oxilab-icon-data\">\r\n                                                                        <i class=\"fas fa-headphones-alt oxi-icons\"><\/i>\r\n                                                                    <\/div>\r\n                                                        <\/div>\r\n                                                        <div class=\"oxilab-heading\">\r\n                                                            SENSITIVE STORY                                                        <\/div>\r\n\r\n                                                    <\/div>\r\n                                                <\/div>\r\n                                            <\/div>\r\n                                            <div class=\"oxilab-flip-box-back\">\r\n                                                <div class=\"oxilab-flip-box-back-16\">\r\n                                                    <div class=\"oxilab-flip-box-back-16-data\">\r\n                                                        <div class=\"oxilab-heading\">\r\n                                                            Would you forget?                                                        <\/div>\r\n                                                        <div class=\"oxilab-info\">\r\n                                                            Interview with Dita Zupovitz-Sperling in February 2021                                                        <\/div>\r\n                                                                                                                    <a href=\"https:\/\/www.woundedmemory.kf.vu.lt\/wp-content\/uploads\/2023\/06\/4.5-Interviu-su-Dita-per-zoom-tik-audio_01.mp3\" target=\"\">\r\n                                                                <span class=\"oxilab-button\">\r\n                                                                    <span class=\"oxilab-button-data\">\r\n                                                                        LISTEN                                                                    <\/span>\r\n                                                                <\/span>\r\n                                                            <\/a>\r\n                                                                                                                <\/div>\r\n                                                <\/div>\r\n                                            <\/div>\r\n                                        <\/div>\r\n                                    <\/div>\r\n                                <\/div>\r\n                            <\/div>\r\n                            \r\n                        <\/div>\r\n\r\n\r\n                        \r\n                    <\/div>\r\n                    \r\n        <\/div>\r\n\r\n        <\/div>\n<\/div>\n\n\n\n<div class=\"wp-block-column is-layout-flow\" style=\"flex-basis:25%\"><\/div>\n<\/div>\n\n\n\n<div style=\"height:100px\" aria-hidden=\"true\" class=\"wp-block-spacer\"><\/div>\n","protected":false},"excerpt":{"rendered":"<p><!-- wp:spacer {\"height\":\"60px\"} --><\/p>\n<div style=\"height:60px\" aria-hidden=\"true\" class=\"wp-block-spacer\"><\/div>\n<p><!-- \/wp:spacer --><\/p>\n<p><!-- wp:paragraph {\"fontSize\":\"medium\"} --><\/p>\n<p class=\"has-medium-font-size\">At the end of the war, squads of Jewish p&#8230;<\/p>\n","protected":false},"author":1,"featured_media":0,"parent":0,"menu_order":0,"comment_status":"closed","ping_status":"closed","template":"","meta":[],"_links":{"self":[{"href":"https:\/\/www.woundedmemory.kf.vu.lt\/en_US\/wp-json\/wp\/v2\/pages\/16"}],"collection":[{"href":"https:\/\/www.woundedmemory.kf.vu.lt\/en_US\/wp-json\/wp\/v2\/pages"}],"about":[{"href":"https:\/\/www.woundedmemory.kf.vu.lt\/en_US\/wp-json\/wp\/v2\/types\/page"}],"author":[{"embeddable":true,"href":"https:\/\/www.woundedmemory.kf.vu.lt\/en_US\/wp-json\/wp\/v2\/users\/1"}],"replies":[{"embeddable":true,"href":"https:\/\/www.woundedmemory.kf.vu.lt\/en_US\/wp-json\/wp\/v2\/comments?post=16"}],"version-history":[{"count":51,"href":"https:\/\/www.woundedmemory.kf.vu.lt\/en_US\/wp-json\/wp\/v2\/pages\/16\/revisions"}],"predecessor-version":[{"id":798,"href":"https:\/\/www.woundedmemory.kf.vu.lt\/en_US\/wp-json\/wp\/v2\/pages\/16\/revisions\/798"}],"wp:attachment":[{"href":"https:\/\/www.woundedmemory.kf.vu.lt\/en_US\/wp-json\/wp\/v2\/media?parent=16"}],"curies":[{"name":"wp","href":"https:\/\/api.w.org\/{rel}","templated":true}]}}